{"id":1214,"date":"2020-09-16T00:40:04","date_gmt":"2020-09-16T00:40:04","guid":{"rendered":"https:\/\/javaseguranca.com.br\/site\/?page_id=1214"},"modified":"2020-09-20T00:11:05","modified_gmt":"2020-09-20T00:11:05","slug":"deu-na-midia","status":"publish","type":"page","link":"https:\/\/javaseguranca.com.br\/site\/deu-na-midia\/","title":{"rendered":"Deu na m\u00eddia"},"content":{"rendered":"<p>[vc_row][vc_column]<div class='row'><div class=' col-md-4'><article class='post style-3'><header><a class='post-hover' href='https:\/\/javaseguranca.com.br\/site\/noticia-1\/'><img width=\"360\" height=\"240\" src=\"https:\/\/javaseguranca.com.br\/site\/wp-content\/uploads\/2014\/12\/seg_vip-360x240.jpg\" class=\"attachment-blog-masonry-3-columns size-blog-masonry-3-columns wp-post-image\" alt=\"\" decoding=\"async\" loading=\"lazy\" srcset=\"https:\/\/javaseguranca.com.br\/site\/wp-content\/uploads\/2014\/12\/seg_vip-360x240.jpg 360w, https:\/\/javaseguranca.com.br\/site\/wp-content\/uploads\/2014\/12\/seg_vip-300x200.jpg 300w, https:\/\/javaseguranca.com.br\/site\/wp-content\/uploads\/2014\/12\/seg_vip-370x247.jpg 370w, https:\/\/javaseguranca.com.br\/site\/wp-content\/uploads\/2014\/12\/seg_vip.jpg 765w\" sizes=\"(max-width: 360px) 100vw, 360px\" \/><\/a><a href='https:\/\/javaseguranca.com.br\/site\/noticia-1\/' title='Not\u00edcia 1'><h1>Not\u00edcia 1<\/h1><\/a><\/header><div class='post-content'><p>Aparato tecnol\u00f3gico moderno, concedendo maior seguran\u00e7a no decorrer das a\u00e7\u00f5es e presta\u00e7\u00f5es dos servi\u00e7os<\/p>\n<\/div><\/article><\/div><div class=' col-md-4'><article class='post style-3'><header><a class='post-hover' href='https:\/\/javaseguranca.com.br\/site\/noticia-2\/'><img width=\"360\" height=\"240\" src=\"https:\/\/javaseguranca.com.br\/site\/wp-content\/uploads\/2014\/12\/seg_patri-360x240.jpg\" class=\"attachment-blog-masonry-3-columns size-blog-masonry-3-columns wp-post-image\" alt=\"\" decoding=\"async\" loading=\"lazy\" srcset=\"https:\/\/javaseguranca.com.br\/site\/wp-content\/uploads\/2014\/12\/seg_patri-360x240.jpg 360w, https:\/\/javaseguranca.com.br\/site\/wp-content\/uploads\/2014\/12\/seg_patri-300x200.jpg 300w, https:\/\/javaseguranca.com.br\/site\/wp-content\/uploads\/2014\/12\/seg_patri-370x247.jpg 370w, https:\/\/javaseguranca.com.br\/site\/wp-content\/uploads\/2014\/12\/seg_patri.jpg 765w\" sizes=\"(max-width: 360px) 100vw, 360px\" \/><\/a><a href='https:\/\/javaseguranca.com.br\/site\/noticia-2\/' title='Not\u00edcia 2'><h1>Not\u00edcia 2<\/h1><\/a><\/header><div class='post-content'><p>Aparato tecnol\u00f3gico moderno, concedendo maior seguran\u00e7a no decorrer das a\u00e7\u00f5es e presta\u00e7\u00f5es dos servi\u00e7os<\/p>\n<\/div><\/article><\/div><div class=' col-md-4'><article class='post style-3'><header><a class='post-hover' href='https:\/\/javaseguranca.com.br\/site\/noticia-3\/'><img width=\"360\" height=\"237\" src=\"https:\/\/javaseguranca.com.br\/site\/wp-content\/uploads\/2019\/08\/segur_patrimonial-360x237.jpg\" class=\"attachment-blog-masonry-3-columns size-blog-masonry-3-columns wp-post-image\" alt=\"\" decoding=\"async\" loading=\"lazy\" srcset=\"https:\/\/javaseguranca.com.br\/site\/wp-content\/uploads\/2019\/08\/segur_patrimonial-360x237.jpg 360w, https:\/\/javaseguranca.com.br\/site\/wp-content\/uploads\/2019\/08\/segur_patrimonial-300x198.jpg 300w, https:\/\/javaseguranca.com.br\/site\/wp-content\/uploads\/2019\/08\/segur_patrimonial-370x244.jpg 370w, https:\/\/javaseguranca.com.br\/site\/wp-content\/uploads\/2019\/08\/segur_patrimonial.jpg 384w\" sizes=\"(max-width: 360px) 100vw, 360px\" \/><\/a><a href='https:\/\/javaseguranca.com.br\/site\/noticia-3\/' title='Not\u00edcia 3'><h1>Not\u00edcia 3<\/h1><\/a><\/header><div class='post-content'><p>Aparato tecnol\u00f3gico moderno, concedendo maior seguran\u00e7a no decorrer das a\u00e7\u00f5es e presta\u00e7\u00f5es dos servi\u00e7os<\/p>\n<\/div><\/article><\/div><div class='clearfix'><\/div><\/div>[\/vc_column][\/vc_row]<\/p>\n","protected":false},"excerpt":{"rendered":"<p>[vc_row][vc_column][\/vc_column][\/vc_row]<\/p>\n","protected":false},"author":1,"featured_media":0,"parent":0,"menu_order":0,"comment_status":"open","ping_status":"open","template":"","meta":[],"_links":{"self":[{"href":"https:\/\/javaseguranca.com.br\/site\/wp-json\/wp\/v2\/pages\/1214"}],"collection":[{"href":"https:\/\/javaseguranca.com.br\/site\/wp-json\/wp\/v2\/pages"}],"about":[{"href":"https:\/\/javaseguranca.com.br\/site\/wp-json\/wp\/v2\/types\/page"}],"author":[{"embeddable":true,"href":"https:\/\/javaseguranca.com.br\/site\/wp-json\/wp\/v2\/users\/1"}],"replies":[{"embeddable":true,"href":"https:\/\/javaseguranca.com.br\/site\/wp-json\/wp\/v2\/comments?post=1214"}],"version-history":[{"count":2,"href":"https:\/\/javaseguranca.com.br\/site\/wp-json\/wp\/v2\/pages\/1214\/revisions"}],"predecessor-version":[{"id":1265,"href":"https:\/\/javaseguranca.com.br\/site\/wp-json\/wp\/v2\/pages\/1214\/revisions\/1265"}],"wp:attachment":[{"href":"https:\/\/javaseguranca.com.br\/site\/wp-json\/wp\/v2\/media?parent=1214"}],"curies":[{"name":"wp","href":"https:\/\/api.w.org\/{rel}","templated":true}]}}