{"id":5,"date":"2014-11-11T11:09:47","date_gmt":"2014-11-11T11:09:47","guid":{"rendered":"http:\/\/anpsthemes.com\/constructo\/?page_id=5"},"modified":"2020-09-24T13:29:24","modified_gmt":"2020-09-24T13:29:24","slug":"home","status":"publish","type":"page","link":"https:\/\/javaseguranca.com.br\/site\/","title":{"rendered":"In\u00edcio"},"content":{"rendered":"<p>[vc_row full_width=&#8221;stretch_row_content_no_spaces&#8221; css=&#8221;.vc_custom_1496645953969{margin-top: 0px !important;}&#8221; has_content=&#8221;true&#8221;][vc_column][rev_slider_vc alias=&#8221;slider-22&#8243;][\/vc_column][\/vc_row][vc_row full_width=&#8221;stretch_row&#8221; css=&#8221;.vc_custom_1566270115278{padding-top: 70px !important;padding-bottom: 50px !important;background: #f5f5f5 url(https:\/\/javaseguranca.com.br\/site\/wp-content\/uploads\/2019\/08\/bg_arq.jpg?id=1080) !important;}&#8221;][vc_column width=&#8221;1\/3&#8243;]<div class=\"f-content f-content--style-3\" style=\"background-color: #ffffff; \"><div class=\"f-content__image\"><img width=\"384\" height=\"253\" src=\"https:\/\/javaseguranca.com.br\/site\/wp-content\/uploads\/2019\/08\/segur_patrimonial.jpg\" class=\"attachment-full size-full\" alt=\"\" decoding=\"async\" loading=\"lazy\" srcset=\"https:\/\/javaseguranca.com.br\/site\/wp-content\/uploads\/2019\/08\/segur_patrimonial.jpg 384w, https:\/\/javaseguranca.com.br\/site\/wp-content\/uploads\/2019\/08\/segur_patrimonial-300x198.jpg 300w, https:\/\/javaseguranca.com.br\/site\/wp-content\/uploads\/2019\/08\/segur_patrimonial-370x244.jpg 370w, https:\/\/javaseguranca.com.br\/site\/wp-content\/uploads\/2019\/08\/segur_patrimonial-360x237.jpg 360w\" sizes=\"(max-width: 384px) 100vw, 384px\" \/><\/div><div class=\"f-content__wrap\"><div class=\"f-content__inner-wrap\"><div class=\"f-content__icon\"><i class=\"\"><\/i><\/div><div class=\"f-content__title\">Seu patrim\u00f4nio protegido<\/div><div class=\"f-content__divider\"><\/div><\/div><div class=\"f-content__content\">A seguran\u00e7a patrimonial em uma empresa \u00e9 uma atividade muito preciosa, gerenciado a\u00e7\u00f5es preventivas, protegendo bens e pessoas.<\/div><\/div><\/div>[\/vc_column][vc_column width=&#8221;1\/3&#8243;]<div class=\"f-content f-content--style-3\" style=\"background-color: #ffffff; \"><div class=\"f-content__image\"><img width=\"384\" height=\"253\" src=\"https:\/\/javaseguranca.com.br\/site\/wp-content\/uploads\/2019\/08\/java_seguranca.jpg\" class=\"attachment-full size-full\" alt=\"\" decoding=\"async\" loading=\"lazy\" srcset=\"https:\/\/javaseguranca.com.br\/site\/wp-content\/uploads\/2019\/08\/java_seguranca.jpg 384w, https:\/\/javaseguranca.com.br\/site\/wp-content\/uploads\/2019\/08\/java_seguranca-300x198.jpg 300w, https:\/\/javaseguranca.com.br\/site\/wp-content\/uploads\/2019\/08\/java_seguranca-370x244.jpg 370w, https:\/\/javaseguranca.com.br\/site\/wp-content\/uploads\/2019\/08\/java_seguranca-360x237.jpg 360w\" sizes=\"(max-width: 384px) 100vw, 384px\" \/><\/div><div class=\"f-content__wrap\"><div class=\"f-content__inner-wrap\"><div class=\"f-content__icon\"><i class=\"\"><\/i><\/div><div class=\"f-content__title\">A Java Seguran\u00e7a<\/div><div class=\"f-content__divider\"><\/div><\/div><div class=\"f-content__content\">Com s\u00f3lida atua\u00e7\u00e3o no mercado, a Java Seguran\u00e7a disponibiliza produtos e servi\u00e7os voltados para \u00e1rea de seguran\u00e7a e terceiriza\u00e7\u00e3o de servi\u00e7os.<\/div><\/div><\/div>[\/vc_column][vc_column width=&#8221;1\/3&#8243;]<div class=\"f-content f-content--style-3\" style=\"background-color: #ffffff; \"><div class=\"f-content__image\"><img width=\"384\" height=\"253\" src=\"https:\/\/javaseguranca.com.br\/site\/wp-content\/uploads\/2020\/06\/clientes_satisfeitos.jpg\" class=\"attachment-full size-full\" alt=\"\" decoding=\"async\" loading=\"lazy\" srcset=\"https:\/\/javaseguranca.com.br\/site\/wp-content\/uploads\/2020\/06\/clientes_satisfeitos.jpg 384w, https:\/\/javaseguranca.com.br\/site\/wp-content\/uploads\/2020\/06\/clientes_satisfeitos-300x198.jpg 300w, https:\/\/javaseguranca.com.br\/site\/wp-content\/uploads\/2020\/06\/clientes_satisfeitos-370x244.jpg 370w, https:\/\/javaseguranca.com.br\/site\/wp-content\/uploads\/2020\/06\/clientes_satisfeitos-360x237.jpg 360w\" sizes=\"(max-width: 384px) 100vw, 384px\" \/><\/div><div class=\"f-content__wrap\"><div class=\"f-content__inner-wrap\"><div class=\"f-content__icon\"><i class=\"\"><\/i><\/div><div class=\"f-content__title\">Clientes satisfeitos<\/div><div class=\"f-content__divider\"><\/div><\/div><div class=\"f-content__content\">Ao longo desses anos, a Java Seguran\u00e7a atrav\u00e9s da qualidade dos servi\u00e7os, ganhou mercado e estabeleceu um cen\u00e1rio de seguran\u00e7a com seus clientes.<\/div><\/div><\/div>[\/vc_column][\/vc_row][vc_row full_width=&#8221;stretch_row&#8221; content_placement=&#8221;middle&#8221; disable_element=&#8221;yes&#8221; el_class=&#8221;text-center&#8221; css=&#8221;.vc_custom_1566270160665{padding-bottom: 50px !important;background-color: #f5f5f5 !important;}&#8221;][vc_column]<a class=\"btn  btn-primary\" href=\"#\" target=\"\"> Nosso servi\u00e7os<\/a>[\/vc_column][\/vc_row][vc_row full_width=&#8221;stretch_row_content_no_spaces&#8221; has_content=&#8221;inside&#8221;][vc_column]<div class='recent-portfolio recent-portfolio--modern-1 recent-portfolio--col-4 recent-portfolio--mobile-2'><div class=\"recent-portfolio__item\"><a href=\"https:\/\/javaseguranca.com.br\/site\/portfolio\/seguranca-patrimonial\/\" class=\"recent-portfolio__link\"><div class=\"recent-portfolio__image\"><img width=\"765\" height=\"511\" src=\"https:\/\/javaseguranca.com.br\/site\/wp-content\/uploads\/2014\/12\/seg_patri-1.jpg\" class=\"attachment-full size-full wp-post-image\" alt=\"\" decoding=\"async\" loading=\"lazy\" srcset=\"https:\/\/javaseguranca.com.br\/site\/wp-content\/uploads\/2014\/12\/seg_patri-1.jpg 765w, https:\/\/javaseguranca.com.br\/site\/wp-content\/uploads\/2014\/12\/seg_patri-1-300x200.jpg 300w, https:\/\/javaseguranca.com.br\/site\/wp-content\/uploads\/2014\/12\/seg_patri-1-370x247.jpg 370w, https:\/\/javaseguranca.com.br\/site\/wp-content\/uploads\/2014\/12\/seg_patri-1-360x240.jpg 360w\" sizes=\"(max-width: 765px) 100vw, 765px\" \/><\/div><div class=\"recent-portfolio__wrap\"><h2 class=\"recent-portfolio__title\">Seguran\u00e7a patrimonial<\/h2><div class=\"recent-portfolio__excerpt\">Cuidar de um patrim\u00f4nio n\u00e3o deve ser responsabilidade exclusiva de seu propriet\u00e1rio. <\/div><\/div><\/a><\/div><div class=\"recent-portfolio__item\"><a href=\"https:\/\/javaseguranca.com.br\/site\/portfolio\/seguranca-vip\/\" class=\"recent-portfolio__link\"><div class=\"recent-portfolio__image\"><img width=\"765\" height=\"511\" src=\"https:\/\/javaseguranca.com.br\/site\/wp-content\/uploads\/2014\/12\/seg_vip-1.jpg\" class=\"attachment-full size-full wp-post-image\" alt=\"\" decoding=\"async\" loading=\"lazy\" srcset=\"https:\/\/javaseguranca.com.br\/site\/wp-content\/uploads\/2014\/12\/seg_vip-1.jpg 765w, https:\/\/javaseguranca.com.br\/site\/wp-content\/uploads\/2014\/12\/seg_vip-1-300x200.jpg 300w, https:\/\/javaseguranca.com.br\/site\/wp-content\/uploads\/2014\/12\/seg_vip-1-370x247.jpg 370w, https:\/\/javaseguranca.com.br\/site\/wp-content\/uploads\/2014\/12\/seg_vip-1-360x240.jpg 360w\" sizes=\"(max-width: 765px) 100vw, 765px\" \/><\/div><div class=\"recent-portfolio__wrap\"><h2 class=\"recent-portfolio__title\">Seguran\u00e7a Vip<\/h2><div class=\"recent-portfolio__excerpt\">Disponibilizamos o servi\u00e7o de seguran\u00e7a pessoal desenvolvido especialmente para garantir a integridade f\u00edsica e emocional. <\/div><\/div><\/a><\/div><div class=\"recent-portfolio__item\"><a href=\"https:\/\/javaseguranca.com.br\/site\/portfolio\/seguranca-em-eventos\/\" class=\"recent-portfolio__link\"><div class=\"recent-portfolio__image\"><img width=\"765\" height=\"511\" src=\"https:\/\/javaseguranca.com.br\/site\/wp-content\/uploads\/2014\/12\/seg_event-1.jpg\" class=\"attachment-full size-full wp-post-image\" alt=\"\" decoding=\"async\" loading=\"lazy\" srcset=\"https:\/\/javaseguranca.com.br\/site\/wp-content\/uploads\/2014\/12\/seg_event-1.jpg 765w, https:\/\/javaseguranca.com.br\/site\/wp-content\/uploads\/2014\/12\/seg_event-1-300x200.jpg 300w, https:\/\/javaseguranca.com.br\/site\/wp-content\/uploads\/2014\/12\/seg_event-1-370x247.jpg 370w, https:\/\/javaseguranca.com.br\/site\/wp-content\/uploads\/2014\/12\/seg_event-1-360x240.jpg 360w\" sizes=\"(max-width: 765px) 100vw, 765px\" \/><\/div><div class=\"recent-portfolio__wrap\"><h2 class=\"recent-portfolio__title\">Seguran\u00e7a em eventos<\/h2><div class=\"recent-portfolio__excerpt\">Profissionais treinados e capacitados para prestar seguran\u00e7a a qualquer tipo de evento, seja na sua casa, clubes, condom\u00ednios ou empresa. <\/div><\/div><\/a><\/div><div class=\"recent-portfolio__item\"><a href=\"https:\/\/javaseguranca.com.br\/site\/portfolio\/escolta-armada\/\" class=\"recent-portfolio__link\"><div class=\"recent-portfolio__image\"><img width=\"765\" height=\"511\" src=\"https:\/\/javaseguranca.com.br\/site\/wp-content\/uploads\/2014\/12\/esc_arm-1.jpg\" class=\"attachment-full size-full wp-post-image\" alt=\"\" decoding=\"async\" loading=\"lazy\" srcset=\"https:\/\/javaseguranca.com.br\/site\/wp-content\/uploads\/2014\/12\/esc_arm-1.jpg 765w, https:\/\/javaseguranca.com.br\/site\/wp-content\/uploads\/2014\/12\/esc_arm-1-300x200.jpg 300w, https:\/\/javaseguranca.com.br\/site\/wp-content\/uploads\/2014\/12\/esc_arm-1-370x247.jpg 370w, https:\/\/javaseguranca.com.br\/site\/wp-content\/uploads\/2014\/12\/esc_arm-1-360x240.jpg 360w\" sizes=\"(max-width: 765px) 100vw, 765px\" \/><\/div><div class=\"recent-portfolio__wrap\"><h2 class=\"recent-portfolio__title\">Escolta armada<\/h2><div class=\"recent-portfolio__excerpt\">Nosso servi\u00e7o de escolta armada garante a integridade do seu patrim\u00f4nio no transporte de cargas, numer\u00e1rios e objetos de valor. <\/div><\/div><\/a><\/div><\/div>[\/vc_column][\/vc_row][vc_row full_width=&#8221;stretch_row&#8221; disable_element=&#8221;yes&#8221; css=&#8221;.vc_custom_1566309539899{padding-top: 40px !important;padding-bottom: 40px !important;background-color: #ebebeb !important;}&#8221;][vc_column width=&#8221;1\/2&#8243;][vc_single_image image=&#8221;1072&#8243; img_size=&#8221;full&#8221;][\/vc_column][vc_column width=&#8221;1\/2&#8243;][vc_custom_heading text=&#8221;Frase aqui&#8221; font_container=&#8221;tag:h4|text_align:left|color:%23000000&#8243;][vc_custom_heading text=&#8221;Frase aqui&#8221; font_container=&#8221;tag:h2|text_align:left|color:%23000000&#8243;][\/vc_column][\/vc_row][vc_row full_width=&#8221;stretch_row&#8221; content_placement=&#8221;middle&#8221; disable_element=&#8221;yes&#8221; el_class=&#8221;text-center&#8221; css=&#8221;.vc_custom_1566305302181{padding-top: 35px !important;padding-bottom: 50px !important;background-color: #0b4162 !important;}&#8221;][vc_column][vc_column_text css=&#8221;.vc_custom_1566270508849{padding-bottom: 20px !important;}&#8221;]<\/p>\n<h1 class=\"bs-section-header__title\" style=\"text-align: left;\">| Conhe\u00e7a tamb\u00e9m nosso sistema de seguran\u00e7a e circuito interno de TV.<\/h1>\n<p>[\/vc_column_text]<a class=\"btn  btn-primary\" href=\"#\" target=\"_self\"> ALL SERVICES<\/a>[\/vc_column][\/vc_row][vc_row full_width=&#8221;stretch_row&#8221; content_placement=&#8221;middle&#8221; parallax=&#8221;content-moving&#8221; parallax_image=&#8221;1199&#8243; parallax_speed_bg=&#8221;2.5&#8243; el_class=&#8221;text-center&#8221;][vc_column][vc_empty_space height=&#8221;50px&#8221;][vc_column_text]<\/p>\n<h1 style=\"text-align: left;\">Estamos recrutando, venha fazer parte desse time.<\/h1>\n<h4 style=\"text-align: left;\">Preencha o formul\u00e1rio com todas as suas informa\u00e7\u00f5es.<\/h4>\n<p>[\/vc_column_text][vc_empty_space height=&#8221;30px&#8221;][vc_btn title=&#8221;Preencher formul\u00e1rio&#8221; shape=&#8221;square&#8221; size=&#8221;lg&#8221; align=&#8221;left&#8221; link=&#8221;|||&#8221;][vc_empty_space height=&#8221;50px&#8221;][\/vc_column][\/vc_row][vc_row full_width=&#8221;stretch_row&#8221; equal_height=&#8221;yes&#8221; css=&#8221;.vc_custom_1497609438332{padding-top: 80px !important;padding-bottom: 0px !important;}&#8221; has_content=&#8221;true&#8221;][vc_column width=&#8221;1\/3&#8243; css=&#8221;.vc_custom_1497609620788{border-bottom-width: 0px !important;padding-bottom: 0px !important;background-position: 0 0 !important;background-repeat: no-repeat !important;}&#8221;]<div class=\"icon-m icon-m--style-1\"><div class=\"icon-m__header\"><div class=\"icon-m__media\" style=\"color: #ffffff; background-color: #294929; \"><i class=\"fa fa-users\"><\/i><\/div><div class=\"icon-m__title\">Equipe qualidifcada<\/div><\/div><div class=\"icon-m__text\">Colaboradores selecionados e treinados atrav\u00e9s de m\u00e9todos rigorosos para um melhor rendimento.<\/div><\/div>[vc_empty_space height=&#8221;15px&#8221;]<div class=\"icon-m icon-m--style-1\"><div class=\"icon-m__header\"><div class=\"icon-m__media\" style=\"color: #ffffff; background-color: #294929; \"><i class=\"fa fa-users\"><\/i><\/div><div class=\"icon-m__title\">Equipe qualidifcada<\/div><\/div><div class=\"icon-m__text\">Colaboradores selecionados e treinados atrav\u00e9s de m\u00e9todos rigorosos para um melhor rendimento.<\/div><\/div>[\/vc_column][vc_column width=&#8221;1\/3&#8243; css=&#8221;.vc_custom_1496755256055{padding-bottom: 70px !important;}&#8221;]<div class=\"icon-m icon-m--style-1\"><div class=\"icon-m__header\"><div class=\"icon-m__media\" style=\"color: #ffffff; background-color: #294929; \"><i class=\"fa fa-binoculars\"><\/i><\/div><div class=\"icon-m__title\">Equipamentos modernos<\/div><\/div><div class=\"icon-m__text\">Aparato tecnol\u00f3gico moderno, concedendo maior seguran\u00e7a no decorrer das a\u00e7\u00f5es e presta\u00e7\u00f5es dos servi\u00e7os<\/div><\/div>[vc_empty_space height=&#8221;15px&#8221;]<div class=\"icon-m icon-m--style-1\"><div class=\"icon-m__header\"><div class=\"icon-m__media\" style=\"color: #ffffff; background-color: #294929; \"><i class=\"fa fa-binoculars\"><\/i><\/div><div class=\"icon-m__title\">Equipamentos modernos<\/div><\/div><div class=\"icon-m__text\">Aparato tecnol\u00f3gico moderno, concedendo maior seguran\u00e7a no decorrer das a\u00e7\u00f5es e presta\u00e7\u00f5es dos servi\u00e7os<\/div><\/div>[\/vc_column][vc_column width=&#8221;1\/3&#8243; css=&#8221;.vc_custom_1496755260288{padding-bottom: 70px !important;}&#8221;]<div class=\"icon-m icon-m--style-1\"><div class=\"icon-m__header\"><div class=\"icon-m__media\" style=\"color: #ffffff; background-color: #294929; \"><i class=\"fa fa-slideshare\"><\/i><\/div><div class=\"icon-m__title\">Treinamentos constantes<\/div><\/div><div class=\"icon-m__text\">Visando obter melhor aproveitamento, nossa equipe passa frequentemente por processos de reavalia\u00e7\u00e3o.<\/div><\/div>[vc_empty_space height=&#8221;15px&#8221;]<div class=\"icon-m icon-m--style-1\"><div class=\"icon-m__header\"><div class=\"icon-m__media\" style=\"color: #ffffff; background-color: #294929; \"><i class=\"fa fa-slideshare\"><\/i><\/div><div class=\"icon-m__title\">Treinamentos constantes<\/div><\/div><div class=\"icon-m__text\">Visando obter melhor aproveitamento, nossa equipe passa frequentemente por processos de reavalia\u00e7\u00e3o.<\/div><\/div>[\/vc_column][\/vc_row][vc_row full_width=&#8221;stretch_row&#8221; has_content=&#8221;false&#8221; css=&#8221;.vc_custom_1497610830400{padding-top: 40px !important;padding-bottom: 60px !important;background-color: #f5f5f5 !important;}&#8221;][vc_column]<h2 class='heading-middle  divider-sm' ><span>Not\u00edcias<\/span><\/h2>[vc_empty_space height=&#8221;20px&#8221;]<div class='row'><div class=' col-md-4'><article class='post style-3'><header><a class='post-hover' href='https:\/\/javaseguranca.com.br\/site\/noticia-1\/'><img width=\"360\" height=\"240\" src=\"https:\/\/javaseguranca.com.br\/site\/wp-content\/uploads\/2014\/12\/seg_vip-360x240.jpg\" class=\"attachment-blog-masonry-3-columns size-blog-masonry-3-columns wp-post-image\" alt=\"\" decoding=\"async\" loading=\"lazy\" srcset=\"https:\/\/javaseguranca.com.br\/site\/wp-content\/uploads\/2014\/12\/seg_vip-360x240.jpg 360w, https:\/\/javaseguranca.com.br\/site\/wp-content\/uploads\/2014\/12\/seg_vip-300x200.jpg 300w, https:\/\/javaseguranca.com.br\/site\/wp-content\/uploads\/2014\/12\/seg_vip-370x247.jpg 370w, https:\/\/javaseguranca.com.br\/site\/wp-content\/uploads\/2014\/12\/seg_vip.jpg 765w\" sizes=\"(max-width: 360px) 100vw, 360px\" \/><\/a><a href='https:\/\/javaseguranca.com.br\/site\/noticia-1\/' title='Not\u00edcia 1'><h1>Not\u00edcia 1<\/h1><\/a><\/header><div class='post-content'><p>Aparato tecnol\u00f3gico moderno, concedendo maior seguran\u00e7a no decorrer das a\u00e7\u00f5es e presta\u00e7\u00f5es dos servi\u00e7os<\/p>\n<\/div><\/article><\/div><div class=' col-md-4'><article class='post style-3'><header><a class='post-hover' href='https:\/\/javaseguranca.com.br\/site\/noticia-2\/'><img width=\"360\" height=\"240\" src=\"https:\/\/javaseguranca.com.br\/site\/wp-content\/uploads\/2014\/12\/seg_patri-360x240.jpg\" class=\"attachment-blog-masonry-3-columns size-blog-masonry-3-columns wp-post-image\" alt=\"\" decoding=\"async\" loading=\"lazy\" srcset=\"https:\/\/javaseguranca.com.br\/site\/wp-content\/uploads\/2014\/12\/seg_patri-360x240.jpg 360w, https:\/\/javaseguranca.com.br\/site\/wp-content\/uploads\/2014\/12\/seg_patri-300x200.jpg 300w, https:\/\/javaseguranca.com.br\/site\/wp-content\/uploads\/2014\/12\/seg_patri-370x247.jpg 370w, https:\/\/javaseguranca.com.br\/site\/wp-content\/uploads\/2014\/12\/seg_patri.jpg 765w\" sizes=\"(max-width: 360px) 100vw, 360px\" \/><\/a><a href='https:\/\/javaseguranca.com.br\/site\/noticia-2\/' title='Not\u00edcia 2'><h1>Not\u00edcia 2<\/h1><\/a><\/header><div class='post-content'><p>Aparato tecnol\u00f3gico moderno, concedendo maior seguran\u00e7a no decorrer das a\u00e7\u00f5es e presta\u00e7\u00f5es dos servi\u00e7os<\/p>\n<\/div><\/article><\/div><div class=' col-md-4'><article class='post style-3'><header><a class='post-hover' href='https:\/\/javaseguranca.com.br\/site\/noticia-3\/'><img width=\"360\" height=\"237\" src=\"https:\/\/javaseguranca.com.br\/site\/wp-content\/uploads\/2019\/08\/segur_patrimonial-360x237.jpg\" class=\"attachment-blog-masonry-3-columns size-blog-masonry-3-columns wp-post-image\" alt=\"\" decoding=\"async\" loading=\"lazy\" srcset=\"https:\/\/javaseguranca.com.br\/site\/wp-content\/uploads\/2019\/08\/segur_patrimonial-360x237.jpg 360w, https:\/\/javaseguranca.com.br\/site\/wp-content\/uploads\/2019\/08\/segur_patrimonial-300x198.jpg 300w, https:\/\/javaseguranca.com.br\/site\/wp-content\/uploads\/2019\/08\/segur_patrimonial-370x244.jpg 370w, https:\/\/javaseguranca.com.br\/site\/wp-content\/uploads\/2019\/08\/segur_patrimonial.jpg 384w\" sizes=\"(max-width: 360px) 100vw, 360px\" \/><\/a><a href='https:\/\/javaseguranca.com.br\/site\/noticia-3\/' title='Not\u00edcia 3'><h1>Not\u00edcia 3<\/h1><\/a><\/header><div class='post-content'><p>Aparato tecnol\u00f3gico moderno, concedendo maior seguran\u00e7a no decorrer das a\u00e7\u00f5es e presta\u00e7\u00f5es dos servi\u00e7os<\/p>\n<\/div><\/article><\/div><div class='clearfix'><\/div><\/div>[\/vc_column][\/vc_row][vc_row full_width=&#8221;stretch_row&#8221; disable_element=&#8221;yes&#8221; css=&#8221;.vc_custom_1592932002792{padding-top: 50px !important;padding-bottom: 30px !important;}&#8221; has_content=&#8221;true&#8221;][vc_column]<h2 class='heading-middle  divider-sm' ><span>Alguns clientes<\/span><\/h2>[vc_empty_space height=&#8221;20px&#8221;]<div class='logos logos--style-3'><div class=\"owl-carousel\" data-margin=\"6\" data-col=\"5\" data-nav=\"true\" data-num-logos=\"5\"><div class='logos__item' style=\"background-color: #ffffff; \"><div class='logos__wrap'><img class='logos__image' src='https:\/\/javaseguranca.com.br\/site\/wp-content\/uploads\/2019\/08\/logo-2.png' alt=''><\/div><\/div><div class='logos__item' style=\"background-color: #ffffff; \"><div class='logos__wrap'><img class='logos__image' src='https:\/\/javaseguranca.com.br\/site\/wp-content\/uploads\/2019\/08\/logo-2.png' alt=''><\/div><\/div><div class='logos__item' style=\"background-color: #ffffff; \"><div class='logos__wrap'><img class='logos__image' src='https:\/\/javaseguranca.com.br\/site\/wp-content\/uploads\/2019\/08\/logo-2.png' alt=''><\/div><\/div><div class='logos__item' style=\"background-color: #ffffff; \"><div class='logos__wrap'><img class='logos__image' src='https:\/\/javaseguranca.com.br\/site\/wp-content\/uploads\/2019\/08\/logo-2.png' alt=''><\/div><\/div><div class='logos__item' style=\"background-color: #ffffff; \"><div class='logos__wrap'><img class='logos__image' src='https:\/\/javaseguranca.com.br\/site\/wp-content\/uploads\/2019\/08\/logo-2.png' alt=''><\/div><\/div><\/div><\/div>[\/vc_column][\/vc_row]<\/p>\n","protected":false},"excerpt":{"rendered":"<p>[vc_row full_width=&#8221;stretch_row_content_no_spaces&#8221; css=&#8221;.vc_custom_1496645953969{margin-top: 0px !important;}&#8221; has_content=&#8221;true&#8221;][vc_column][rev_slider_vc alias=&#8221;slider-22&#8243;][\/vc_column][\/vc_row][vc_row full_width=&#8221;stretch_row&#8221; css=&#8221;.vc_custom_1566270115278{padding-top: 70px !important;padding-bottom: 50px !important;background: #f5f5f5 url(https:\/\/javaseguranca.com.br\/site\/wp-content\/uploads\/2019\/08\/bg_arq.jpg?id=1080) !important;}&#8221;][vc_column width=&#8221;1\/3&#8243;][\/vc_column][vc_column width=&#8221;1\/3&#8243;][\/vc_column][vc_column width=&#8221;1\/3&#8243;][\/vc_column][\/vc_row][vc_row full_width=&#8221;stretch_row&#8221; content_placement=&#8221;middle&#8221; disable_element=&#8221;yes&#8221; el_class=&#8221;text-center&#8221; css=&#8221;.vc_custom_1566270160665{padding-bottom: 50px !important;background-color: #f5f5f5 !important;}&#8221;][vc_column][\/vc_column][\/vc_row][vc_row full_width=&#8221;stretch_row_content_no_spaces&#8221; has_content=&#8221;inside&#8221;][vc_column][\/vc_column][\/vc_row][vc_row full_width=&#8221;stretch_row&#8221; disable_element=&#8221;yes&#8221; css=&#8221;.vc_custom_1566309539899{padding-top: 40px !important;padding-bottom: 40px !important;background-color: #ebebeb !important;}&#8221;][vc_column width=&#8221;1\/2&#8243;][vc_single_image&#8230;<\/p>\n","protected":false},"author":1,"featured_media":0,"parent":0,"menu_order":0,"comment_status":"open","ping_status":"open","template":"","meta":[],"_links":{"self":[{"href":"https:\/\/javaseguranca.com.br\/site\/wp-json\/wp\/v2\/pages\/5"}],"collection":[{"href":"https:\/\/javaseguranca.com.br\/site\/wp-json\/wp\/v2\/pages"}],"about":[{"href":"https:\/\/javaseguranca.com.br\/site\/wp-json\/wp\/v2\/types\/page"}],"author":[{"embeddable":true,"href":"https:\/\/javaseguranca.com.br\/site\/wp-json\/wp\/v2\/users\/1"}],"replies":[{"embeddable":true,"href":"https:\/\/javaseguranca.com.br\/site\/wp-json\/wp\/v2\/comments?post=5"}],"version-history":[{"count":84,"href":"https:\/\/javaseguranca.com.br\/site\/wp-json\/wp\/v2\/pages\/5\/revisions"}],"predecessor-version":[{"id":1276,"href":"https:\/\/javaseguranca.com.br\/site\/wp-json\/wp\/v2\/pages\/5\/revisions\/1276"}],"wp:attachment":[{"href":"https:\/\/javaseguranca.com.br\/site\/wp-json\/wp\/v2\/media?parent=5"}],"curies":[{"name":"wp","href":"https:\/\/api.w.org\/{rel}","templated":true}]}}