{"id":953,"date":"2014-11-11T11:13:51","date_gmt":"2014-11-11T11:13:51","guid":{"rendered":"http:\/\/anpsthemes.com\/constructo\/?page_id=9"},"modified":"2020-06-23T17:18:17","modified_gmt":"2020-06-23T17:18:17","slug":"servicos","status":"publish","type":"page","link":"https:\/\/javaseguranca.com.br\/site\/servicos\/","title":{"rendered":"Servi\u00e7os"},"content":{"rendered":"<p>[vc_row][vc_column width=&#8221;1\/2&#8243;][vc_single_image image=&#8221;1072&#8243; img_size=&#8221;full&#8221;]<h5 class='heading-content  style-1' ><span>Seguran\u00e7a patrimonial<\/span><\/h5>[vc_column_text]Cuidar de um patrim\u00f4nio n\u00e3o deve ser responsabilidade exclusiva de seu propriet\u00e1rio.<br \/>\nZelar e proteger \u00e9 um dos servi\u00e7os que a Java Seguran\u00e7a desenvolve com total compet\u00eancia e profissionalismo, pois demandamos dos mais avan\u00e7ados recursos humanos e tecnol\u00f3gicos, visando oferecer o que h\u00e1 de melhor no mercado, para sua total seguran\u00e7a.<\/p>\n<p>A qualidade do servi\u00e7o de seguran\u00e7a patrimonial \u00e9 garantida atrav\u00e9s do rigoroso processo de sele\u00e7\u00e3o, treinamentos espec\u00edficos, cursos de reciclagem, cursos de extens\u00e3o e demais processos fundamentais para exercer esse tipo de atividade.[\/vc_column_text][vc_empty_space height=&#8221;10px&#8221;][\/vc_column][vc_column width=&#8221;1\/2&#8243;][vc_single_image image=&#8221;1073&#8243; img_size=&#8221;full&#8221;]<h5 class='heading-content  style-1' ><span>Seguran\u00e7a VIP<\/span><\/h5>[vc_column_text]A Java Seguran\u00e7a disponibiliza o servi\u00e7o de seguran\u00e7a pessoal desenvolvido especialmente para garantir a integridade f\u00edsica e emocional de pessoas que necessitam de tranquilidade e seguran\u00e7a.<\/p>\n<p>O servi\u00e7o \u00e9 ideal para empres\u00e1rios, executivos, investidores, jovens, crian\u00e7as, emfim, para todos que necessitam de uma prote\u00e7\u00e3o especial.<\/p>\n<p>Esse servi\u00e7o disp\u00f5e de profissionais altamente treinados e equipados com sistemas de r\u00e1dio comunica\u00e7\u00e3o e telefones celulares, capazes de auxili\u00e1-los em momentos cr\u00edticos com total apoio e compet\u00eancia.[\/vc_column_text][vc_empty_space height=&#8221;10px&#8221;][\/vc_column][\/vc_row][vc_row css=&#8221;.vc_custom_1418289717381{padding-top: 50px !important;padding-bottom: 50px !important;}&#8221; has_content=&#8221;true&#8221;][vc_column width=&#8221;1\/2&#8243;][vc_single_image image=&#8221;1075&#8243; img_size=&#8221;full&#8221;]<h5 class='heading-content  style-1' ><span>Seguran\u00e7a de eventos<\/span><\/h5>[vc_column_text]A Java seguran\u00e7a disp\u00f5e de profissionais treinados e capacitados para prestar seguran\u00e7a a qualquer tipo de evento, seja na sua casa, clubes, condom\u00ednios ou empresa.<\/p>\n<p>Nossa equipe \u00e9 selecionada e personalizada de acordo com o evento, atendendo sempre as exig\u00eancias dos nosso clientes.<\/p>\n<p>O acompanhamento \u00e9 efetuado com total discri\u00e7\u00e3o e efici\u00eancia, procurando prevenir situa\u00e7\u00f5es de riscos e ocasi\u00f5es que exijam maior aten\u00e7\u00e3o e cuidado, garantindo assim, prote\u00e7\u00e3o pessoal e prevenindo de prov\u00e1veis situa\u00e7\u00f5es de marginais.[\/vc_column_text][vc_empty_space height=&#8221;10px&#8221;][\/vc_column][vc_column width=&#8221;1\/2&#8243;][vc_single_image image=&#8221;1076&#8243; img_size=&#8221;full&#8221;]<h5 class='heading-content  style-1' ><span>Escolta armada<\/span><\/h5>[vc_column_text]Nosso servi\u00e7o de escolta armada garante a integridade do seu patrim\u00f4nio no transporte de cargas, numer\u00e1rios, objetos de valor, utilizando viaturas identificadas, rastreadas por sat\u00e9lites e equipamentos de seguran\u00e7a ostensivos, al\u00e9m dos agentes treinados e qualificados para atuarem em situa\u00e7\u00f5es de riscos.<\/p>\n<p>Disponibilizamos um sistema inteligente de rastreamento veicular por monitoramento via sat\u00e9lite , que fornece informa\u00e7\u00f5es em tempo real sobre o posicionamento dos ve\u00edculos de nossos clientes.[\/vc_column_text][vc_empty_space height=&#8221;10px&#8221;][\/vc_column][\/vc_row]<\/p>\n","protected":false},"excerpt":{"rendered":"<p>[vc_row][vc_column width=&#8221;1\/2&#8243;][vc_single_image image=&#8221;1072&#8243; img_size=&#8221;full&#8221;][vc_column_text]Cuidar de um patrim\u00f4nio n\u00e3o deve ser responsabilidade exclusiva de seu propriet\u00e1rio. Zelar e proteger \u00e9 um dos servi\u00e7os que a Java Seguran\u00e7a desenvolve com total compet\u00eancia e profissionalismo, pois demandamos dos mais avan\u00e7ados recursos humanos e&#8230;<\/p>\n","protected":false},"author":1,"featured_media":0,"parent":0,"menu_order":0,"comment_status":"open","ping_status":"open","template":"","meta":[],"_links":{"self":[{"href":"https:\/\/javaseguranca.com.br\/site\/wp-json\/wp\/v2\/pages\/953"}],"collection":[{"href":"https:\/\/javaseguranca.com.br\/site\/wp-json\/wp\/v2\/pages"}],"about":[{"href":"https:\/\/javaseguranca.com.br\/site\/wp-json\/wp\/v2\/types\/page"}],"author":[{"embeddable":true,"href":"https:\/\/javaseguranca.com.br\/site\/wp-json\/wp\/v2\/users\/1"}],"replies":[{"embeddable":true,"href":"https:\/\/javaseguranca.com.br\/site\/wp-json\/wp\/v2\/comments?post=953"}],"version-history":[{"count":6,"href":"https:\/\/javaseguranca.com.br\/site\/wp-json\/wp\/v2\/pages\/953\/revisions"}],"predecessor-version":[{"id":1140,"href":"https:\/\/javaseguranca.com.br\/site\/wp-json\/wp\/v2\/pages\/953\/revisions\/1140"}],"wp:attachment":[{"href":"https:\/\/javaseguranca.com.br\/site\/wp-json\/wp\/v2\/media?parent=953"}],"curies":[{"name":"wp","href":"https:\/\/api.w.org\/{rel}","templated":true}]}}